{"id":71,"date":"2021-04-22T23:50:46","date_gmt":"2021-04-22T21:50:46","guid":{"rendered":"http:\/\/new.selbstgeheilt.com\/?page_id=71"},"modified":"2022-04-26T08:02:01","modified_gmt":"2022-04-26T06:02:01","slug":"impressum","status":"publish","type":"page","link":"https:\/\/selbstgeheilt.com\/index.php\/impressum\/","title":{"rendered":"Impressum"},"content":{"rendered":"<p>[et_pb_section fb_built=&#8221;1&#8243; custom_padding_last_edited=&#8221;on|desktop&#8221; _builder_version=&#8221;4.9.0&#8243; background_color=&#8221;#0b2300&#8243; background_image=&#8221;https:\/\/selbstgeheilt.com\/wp-content\/uploads\/2021\/04\/Header-breit_mitLogo2.jpg&#8221; transform_scale=&#8221;101%|101%&#8221; transform_scale_tablet=&#8221;&#8221; transform_scale_phone=&#8221;127%|127%&#8221; transform_scale_last_edited=&#8221;on|desktop&#8221; transform_translate=&#8221;0px|-2px&#8221; transform_translate_tablet=&#8221;&#8221; transform_translate_phone=&#8221;0px|12px&#8221; transform_translate_last_edited=&#8221;on|tablet&#8221; transform_translate_linked=&#8221;off&#8221; transform_rotate_tablet=&#8221;&#8221; transform_rotate_phone=&#8221;&#8221; transform_rotate_last_edited=&#8221;on|desktop&#8221; transform_skew_tablet=&#8221;&#8221; transform_skew_phone=&#8221;&#8221; transform_skew_last_edited=&#8221;on|desktop&#8221; transform_origin_tablet=&#8221;&#8221; transform_origin_phone=&#8221;&#8221; transform_origin_last_edited=&#8221;on|desktop&#8221; transform_styles_last_edited=&#8221;on|tablet&#8221; width_tablet=&#8221;100%&#8221; width_phone=&#8221;&#8221; width_last_edited=&#8221;on|tablet&#8221; max_width_tablet=&#8221;&#8221; max_width_phone=&#8221;100%&#8221; max_width_last_edited=&#8221;on|phone&#8221; min_height=&#8221;255px&#8221; min_height_tablet=&#8221;&#8221; min_height_phone=&#8221;&#8221; min_height_last_edited=&#8221;on|tablet&#8221; height=&#8221;100px&#8221; height_phone=&#8221;270px&#8221; height_last_edited=&#8221;off|desktop&#8221; custom_margin=&#8221;0px||||false|false&#8221; custom_margin_tablet=&#8221;&#8221; custom_margin_phone=&#8221;&#8221; custom_margin_last_edited=&#8221;on|tablet&#8221; custom_padding=&#8221;||45px|||&#8221; custom_padding_tablet=&#8221;||0px||false|false&#8221; custom_padding_phone=&#8221;&#8221; top_divider_color=&#8221;#7cda24&#8243; background_last_edited=&#8221;on|tablet&#8221; background_size_tablet=&#8221;cover&#8221; background_size_phone=&#8221;contain&#8221; background_position_tablet=&#8221;center&#8221; background_position_phone=&#8221;top_center&#8221; transform_styles_tablet=&#8221;&#8221; transform_styles_phone=&#8221;&#8221; module_alignment_tablet=&#8221;&#8221; module_alignment_phone=&#8221;&#8221; module_alignment_last_edited=&#8221;on|phone&#8221; border_style_all=&#8221;dotted&#8221; border_width_top=&#8221;3px&#8221; border_color_top=&#8221;#c16000&#8243; border_style_top=&#8221;solid&#8221; border_width_bottom=&#8221;3px&#8221; border_color_bottom=&#8221;#c16000&#8243; border_style_bottom=&#8221;ridge&#8221; custom_margin__hover_enabled=&#8221;on|desktop&#8221; da_is_popup=&#8221;off&#8221; da_exit_intent=&#8221;off&#8221; da_has_close=&#8221;on&#8221; da_alt_close=&#8221;off&#8221; da_dark_close=&#8221;off&#8221; da_not_modal=&#8221;on&#8221; da_is_singular=&#8221;off&#8221; da_with_loader=&#8221;off&#8221; da_has_shadow=&#8221;on&#8221; da_disable_devices=&#8221;off|off|off&#8221;][\/et_pb_section][et_pb_section fb_built=&#8221;1&#8243; _builder_version=&#8221;4.9.0&#8243; _module_preset=&#8221;default&#8221; hover_enabled=&#8221;0&#8243; sticky_enabled=&#8221;0&#8243; da_is_popup=&#8221;off&#8221; da_exit_intent=&#8221;off&#8221; da_has_close=&#8221;on&#8221; da_alt_close=&#8221;off&#8221; da_dark_close=&#8221;off&#8221; da_not_modal=&#8221;on&#8221; da_is_singular=&#8221;off&#8221; da_with_loader=&#8221;off&#8221; da_has_shadow=&#8221;on&#8221; da_disable_devices=&#8221;off|off|off&#8221;][et_pb_row _builder_version=&#8221;4.9.0&#8243; _module_preset=&#8221;default&#8221; custom_margin=&#8221;-71px||||false|false&#8221; custom_margin_tablet=&#8221;-75px||||false|false&#8221; custom_margin_phone=&#8221;-61px||||false|false&#8221; custom_margin_last_edited=&#8221;on|phone&#8221;][et_pb_column type=&#8221;4_4&#8243; _builder_version=&#8221;4.9.0&#8243; _module_preset=&#8221;default&#8221;][et_pb_text _builder_version=&#8221;4.9.0&#8243; _module_preset=&#8221;default&#8221; header_font=&#8221;|600||on|||||&#8221; header_text_color=&#8221;#16551C&#8221; header_font_size=&#8221;27px&#8221; header_font_size_tablet=&#8221;16px&#8221; header_font_size_phone=&#8221;12px&#8221; header_font_size_last_edited=&#8221;on|phone&#8221;]<\/p>\n<h1 style=\"text-align: center;\">Impressum<\/h1>\n<p>[\/et_pb_text][\/et_pb_column][\/et_pb_row][et_pb_row _builder_version=&#8221;4.9.0&#8243; _module_preset=&#8221;default&#8221;][et_pb_column type=&#8221;4_4&#8243; _builder_version=&#8221;4.9.0&#8243; _module_preset=&#8221;default&#8221;][et_pb_text _builder_version=&#8221;4.9.0&#8243; _module_preset=&#8221;default&#8221; header_2_text_color=&#8221;#16551C&#8221; header_2_font_size=&#8221;20px&#8221; header_4_text_color=&#8221;#16551C&#8221; header_4_font_size=&#8221;12px&#8221; header_5_text_color=&#8221;#16551C&#8221; header_5_font_size=&#8221;14px&#8221; header_5_line_height=&#8221;1.3em&#8221; header_6_font_size=&#8221;10px&#8221; background_color=&#8221;#FCFFFC&#8221; custom_padding=&#8221;10px|10px|10px|10px|true|true&#8221; custom_padding_tablet=&#8221;&#8221; custom_padding_phone=&#8221;&#8221; custom_padding_last_edited=&#8221;on|desktop&#8221; hover_enabled=&#8221;0&#8243; header_2_font_size_tablet=&#8221;&#8221; header_2_font_size_phone=&#8221;15px&#8221; header_2_font_size_last_edited=&#8221;on|desktop&#8221; header_4_font_size_tablet=&#8221;&#8221; header_4_font_size_phone=&#8221;&#8221; header_4_font_size_last_edited=&#8221;on|desktop&#8221; header_4_line_height_tablet=&#8221;&#8221; header_4_line_height_phone=&#8221;&#8221; header_4_line_height_last_edited=&#8221;on|desktop&#8221; header_5_font_size_tablet=&#8221;&#8221; header_5_font_size_phone=&#8221;11px&#8221; header_5_font_size_last_edited=&#8221;on|desktop&#8221; header_5_letter_spacing_tablet=&#8221;&#8221; header_5_letter_spacing_phone=&#8221;&#8221; header_5_letter_spacing_last_edited=&#8221;on|desktop&#8221; header_5_line_height_tablet=&#8221;&#8221; header_5_line_height_phone=&#8221;&#8221; header_5_line_height_last_edited=&#8221;on|desktop&#8221; border_color_all=&#8221;#16551C&#8221; sticky_enabled=&#8221;0&#8243; box_shadow_style=&#8221;preset2&#8243; box_shadow_horizontal=&#8221;0px&#8221; box_shadow_horizontal__hover=&#8221;6px&#8221; box_shadow_horizontal__hover_enabled=&#8221;on|hover&#8221; box_shadow_vertical=&#8221;0px&#8221; box_shadow_vertical__hover=&#8221;6px&#8221; box_shadow_vertical__hover_enabled=&#8221;on|hover&#8221; box_shadow_blur=&#8221;0px&#8221; box_shadow_blur__hover=&#8221;6px&#8221; box_shadow_blur__hover_enabled=&#8221;on|desktop&#8221; box_shadow_spread__hover=&#8221;3px&#8221; box_shadow_spread__hover_enabled=&#8221;on|hover&#8221; box_shadow_color__hover=&#8221;rgba(0,0,0,0.29)&#8221; box_shadow_color__hover_enabled=&#8221;on|hover&#8221; background__hover_enabled=&#8221;on|desktop&#8221;]<\/p>\n<h5>Expanding Light LLC<br \/> Registered Agents Inc.<br \/> 30 N Gould St Ste R<br \/> Sheridan, WY 82801<br \/> United States<br \/> European Office: Tel. +49 (0)176\/59723022<br \/> eMail: <a href=\"mailto:info@selbstgeheilt.com\">info@selbstgeheilt.com<\/a><br \/> Verantwortlicher nach \u00a7 55 Abs. 2 RfStV: Expanding Light LLC<\/h5>\n<h5><em>Bitte keine Abmahnung ohne vorherigen Kontakt<\/em><\/h5>\n<h5><\/h5>\n<h5><\/h5>\n<h5><\/h5>\n<h5>Sollte irgendwelcher Inhalt oder die designtechnische Gestaltung einzelner Seiten oder Teile dieser Internetseite fremde Rechte Dritter oder gesetzliche Bestimmungen verletzen oder anderweitig in irgendeiner Form wettbewerbsrechtliche Probleme hervorbringen, so bittet der Autor (Publisher) unter Berufung auf \u00a7 8 Abs. 4 UWG um eine angemessene, ausreichend erl\u00e4uternde und schnelle Nachricht (idealerweise per E-Mail) ohne Kostennote. Der Autor garantiert, dass die zu Recht beanstandeten Passagen oder Teile dieser Webseiten in angemessener Frist entfernt bzw. den rechtlichen Vorgaben umf\u00e4nglich angepasst werden, ohne dass von Ihrer Seite die Einschaltung eines Rechtsbeistandes erforderlich ist.<\/h5>\n<h5><\/h5>\n<h5>Die Einschaltung eines Anwalts zur f\u00fcr den Dienstanbieter kostenpflichtigen Abmahnung entspricht nicht dessen wirklichem oder mutma\u00dflichem Willen und w\u00fcrde damit einen Versto\u00df gegen das UWG wegen der Verfolgung sachfremder Ziele als beherrschendes Motiv der Verfahrensleitung, insbesondere einer Kostenerzielungsabsicht als eigentliche Triebfeder, sowie einen Versto\u00df gegen die Schadensminderungspflicht darstellen.<\/h5>\n<p style=\"text-align: center;\"><em>Dieses Impressum gilt auch f\u00fcr folgende Seiten:<\/em><br \/> <div class='yrm-content yrm-content-1 yrm-content-hide ' id='yrm-Hdt9K' data-id='1' data-show-status='false' data-after-action='' style=\"visibility: hidden;height: 0;\">\n\t\t\t<div id='yrm-inner-content-yrm-Hdt9K' class='yrm-inner-content-wrapper yrm-cntent-1'><\/p>\n<p style=\"text-align: center;\">***<br \/> <a href=\"https:\/\/www.wunder-der-lebenskraft.de\/\" target=\"_blank\" rel=\"noopener noreferrer\">Den Film &#8220;Wunder der Lebenskraft&#8221;<\/a><br \/> ***<br \/> <a href=\"https:\/\/seminare.wunder-der-lebenskraft.de\/\" target=\"_blank\" rel=\"noopener noreferrer\">Seminare f\u00fcr Lebenskraft und mystische Erfahrungen<\/a><br \/> ***<br \/> <a href=\"https:\/\/lebenskraft.film\/\" target=\"_blank\" rel=\"noopener noreferrer\">Streaming-Seite des Films &#8220;Wunder der Lebenskraft&#8221;<\/a><br \/> ***<br \/> <a href=\"https:\/\/www.facebook.com\/WunderDerLebenskraft\/\" target=\"_blank\" rel=\"noopener noreferrer\">Facebook-Seite des Films &#8220;Wunder der Lebenskraft&#8221;<\/a><br \/> ***<\/div>\n\t\t<\/div><div class='yrm-btn-wrapper yrm-btn-wrapper-1 yrm-more-button-wrapper  '\n\t\tdata-custom-more-class-name='' data-custom-less-class-name=''><span title='' data-less-title='' data-more-title='' class='yrm-toggle-expand  yrm-toggle-expand-1 ' data-rel='yrm-Hdt9K' data-more='Extern' data-less='schliessen'><span class='yrm-text-wrapper yrm-text-wrapper-custom-dimensions'><span class=\"yrm-button-text-1 yrm-button-text-span\">Extern<\/span><\/span><\/span><\/div><\/p>\n<h6 style=\"text-align: right;\"><em>Webseitenerstellung und Design: Expanding Light LLC<\/em><\/h6>\n<p>[\/et_pb_text][\/et_pb_column][\/et_pb_row][\/et_pb_section]<\/p>\n","protected":false},"excerpt":{"rendered":"<p>ImpressumExpanding Light LLC Registered Agents Inc. 30 N Gould St Ste R Sheridan, WY 82801 United States European Office: Tel. +49 (0)176\/59723022 eMail: info@selbstgeheilt.com Verantwortlicher nach \u00a7 55 Abs. 2 RfStV: Expanding Light LLC Bitte keine Abmahnung ohne vorherigen Kontakt Sollte irgendwelcher Inhalt oder die designtechnische Gestaltung einzelner Seiten oder Teile dieser Internetseite fremde Rechte [&hellip;]<\/p>\n","protected":false},"author":1,"featured_media":0,"parent":0,"menu_order":0,"comment_status":"closed","ping_status":"closed","template":"","meta":{"_et_pb_use_builder":"on","_et_pb_old_content":"","_et_gb_content_width":"","footnotes":""},"class_list":["post-71","page","type-page","status-publish","hentry"],"yoast_head":"<!-- This site is optimized with the Yoast SEO plugin v23.1 - https:\/\/yoast.com\/wordpress\/plugins\/seo\/ -->\n<title>Impressum - Selbst Geheilt - der Film \u00fcber schnell erlernbare Selbsthilfemethoden<\/title>\n<meta name=\"robots\" content=\"index, follow, max-snippet:-1, max-image-preview:large, max-video-preview:-1\" \/>\n<link rel=\"canonical\" href=\"https:\/\/selbstgeheilt.com\/index.php\/impressum\/\" \/>\n<meta property=\"og:locale\" content=\"en_US\" \/>\n<meta property=\"og:type\" content=\"article\" \/>\n<meta property=\"og:title\" content=\"Impressum - Selbst Geheilt - der Film \u00fcber schnell erlernbare Selbsthilfemethoden\" \/>\n<meta property=\"og:description\" content=\"ImpressumExpanding Light LLC Registered Agents Inc. 30 N Gould St Ste R Sheridan, WY 82801 United States European Office: Tel. +49 (0)176\/59723022 eMail: info@selbstgeheilt.com Verantwortlicher nach \u00a7 55 Abs. 2 RfStV: Expanding Light LLC Bitte keine Abmahnung ohne vorherigen Kontakt Sollte irgendwelcher Inhalt oder die designtechnische Gestaltung einzelner Seiten oder Teile dieser Internetseite fremde Rechte [&hellip;]\" \/>\n<meta property=\"og:url\" content=\"https:\/\/selbstgeheilt.com\/index.php\/impressum\/\" \/>\n<meta property=\"og:site_name\" content=\"Selbst Geheilt - der Film \u00fcber schnell erlernbare Selbsthilfemethoden\" \/>\n<meta property=\"article:modified_time\" content=\"2022-04-26T06:02:01+00:00\" \/>\n<meta name=\"twitter:card\" content=\"summary_large_image\" \/>\n<meta name=\"twitter:label1\" content=\"Est. reading time\" \/>\n\t<meta name=\"twitter:data1\" content=\"5 minutes\" \/>\n<script type=\"application\/ld+json\" class=\"yoast-schema-graph\">{\"@context\":\"https:\/\/schema.org\",\"@graph\":[{\"@type\":\"WebPage\",\"@id\":\"https:\/\/selbstgeheilt.com\/index.php\/impressum\/\",\"url\":\"https:\/\/selbstgeheilt.com\/index.php\/impressum\/\",\"name\":\"Impressum - Selbst Geheilt - der Film \u00fcber schnell erlernbare Selbsthilfemethoden\",\"isPartOf\":{\"@id\":\"https:\/\/selbstgeheilt.com\/#website\"},\"datePublished\":\"2021-04-22T21:50:46+00:00\",\"dateModified\":\"2022-04-26T06:02:01+00:00\",\"breadcrumb\":{\"@id\":\"https:\/\/selbstgeheilt.com\/index.php\/impressum\/#breadcrumb\"},\"inLanguage\":\"en-US\",\"potentialAction\":[{\"@type\":\"ReadAction\",\"target\":[\"https:\/\/selbstgeheilt.com\/index.php\/impressum\/\"]}]},{\"@type\":\"BreadcrumbList\",\"@id\":\"https:\/\/selbstgeheilt.com\/index.php\/impressum\/#breadcrumb\",\"itemListElement\":[{\"@type\":\"ListItem\",\"position\":1,\"name\":\"Home\",\"item\":\"https:\/\/selbstgeheilt.com\/\"},{\"@type\":\"ListItem\",\"position\":2,\"name\":\"Impressum\"}]},{\"@type\":\"WebSite\",\"@id\":\"https:\/\/selbstgeheilt.com\/#website\",\"url\":\"https:\/\/selbstgeheilt.com\/\",\"name\":\"Selbst Geheilt - der Film \u00fcber schnell erlernbare Selbsthilfemethoden\",\"description\":\"Selbst Geheilt - der Film\",\"potentialAction\":[{\"@type\":\"SearchAction\",\"target\":{\"@type\":\"EntryPoint\",\"urlTemplate\":\"https:\/\/selbstgeheilt.com\/?s={search_term_string}\"},\"query-input\":\"required name=search_term_string\"}],\"inLanguage\":\"en-US\"}]}<\/script>\n<!-- \/ Yoast SEO plugin. -->","yoast_head_json":{"title":"Impressum - Selbst Geheilt - der Film \u00fcber schnell erlernbare Selbsthilfemethoden","robots":{"index":"index","follow":"follow","max-snippet":"max-snippet:-1","max-image-preview":"max-image-preview:large","max-video-preview":"max-video-preview:-1"},"canonical":"https:\/\/selbstgeheilt.com\/index.php\/impressum\/","og_locale":"en_US","og_type":"article","og_title":"Impressum - Selbst Geheilt - der Film \u00fcber schnell erlernbare Selbsthilfemethoden","og_description":"ImpressumExpanding Light LLC Registered Agents Inc. 30 N Gould St Ste R Sheridan, WY 82801 United States European Office: Tel. +49 (0)176\/59723022 eMail: info@selbstgeheilt.com Verantwortlicher nach \u00a7 55 Abs. 2 RfStV: Expanding Light LLC Bitte keine Abmahnung ohne vorherigen Kontakt Sollte irgendwelcher Inhalt oder die designtechnische Gestaltung einzelner Seiten oder Teile dieser Internetseite fremde Rechte [&hellip;]","og_url":"https:\/\/selbstgeheilt.com\/index.php\/impressum\/","og_site_name":"Selbst Geheilt - der Film \u00fcber schnell erlernbare Selbsthilfemethoden","article_modified_time":"2022-04-26T06:02:01+00:00","twitter_card":"summary_large_image","twitter_misc":{"Est. reading time":"5 minutes"},"schema":{"@context":"https:\/\/schema.org","@graph":[{"@type":"WebPage","@id":"https:\/\/selbstgeheilt.com\/index.php\/impressum\/","url":"https:\/\/selbstgeheilt.com\/index.php\/impressum\/","name":"Impressum - Selbst Geheilt - der Film \u00fcber schnell erlernbare Selbsthilfemethoden","isPartOf":{"@id":"https:\/\/selbstgeheilt.com\/#website"},"datePublished":"2021-04-22T21:50:46+00:00","dateModified":"2022-04-26T06:02:01+00:00","breadcrumb":{"@id":"https:\/\/selbstgeheilt.com\/index.php\/impressum\/#breadcrumb"},"inLanguage":"en-US","potentialAction":[{"@type":"ReadAction","target":["https:\/\/selbstgeheilt.com\/index.php\/impressum\/"]}]},{"@type":"BreadcrumbList","@id":"https:\/\/selbstgeheilt.com\/index.php\/impressum\/#breadcrumb","itemListElement":[{"@type":"ListItem","position":1,"name":"Home","item":"https:\/\/selbstgeheilt.com\/"},{"@type":"ListItem","position":2,"name":"Impressum"}]},{"@type":"WebSite","@id":"https:\/\/selbstgeheilt.com\/#website","url":"https:\/\/selbstgeheilt.com\/","name":"Selbst Geheilt - der Film \u00fcber schnell erlernbare Selbsthilfemethoden","description":"Selbst Geheilt - der Film","potentialAction":[{"@type":"SearchAction","target":{"@type":"EntryPoint","urlTemplate":"https:\/\/selbstgeheilt.com\/?s={search_term_string}"},"query-input":"required name=search_term_string"}],"inLanguage":"en-US"}]}},"_links":{"self":[{"href":"https:\/\/selbstgeheilt.com\/index.php\/wp-json\/wp\/v2\/pages\/71","targetHints":{"allow":["GET"]}}],"collection":[{"href":"https:\/\/selbstgeheilt.com\/index.php\/wp-json\/wp\/v2\/pages"}],"about":[{"href":"https:\/\/selbstgeheilt.com\/index.php\/wp-json\/wp\/v2\/types\/page"}],"author":[{"embeddable":true,"href":"https:\/\/selbstgeheilt.com\/index.php\/wp-json\/wp\/v2\/users\/1"}],"replies":[{"embeddable":true,"href":"https:\/\/selbstgeheilt.com\/index.php\/wp-json\/wp\/v2\/comments?post=71"}],"version-history":[{"count":6,"href":"https:\/\/selbstgeheilt.com\/index.php\/wp-json\/wp\/v2\/pages\/71\/revisions"}],"predecessor-version":[{"id":1163,"href":"https:\/\/selbstgeheilt.com\/index.php\/wp-json\/wp\/v2\/pages\/71\/revisions\/1163"}],"wp:attachment":[{"href":"https:\/\/selbstgeheilt.com\/index.php\/wp-json\/wp\/v2\/media?parent=71"}],"curies":[{"name":"wp","href":"https:\/\/api.w.org\/{rel}","templated":true}]}}